{"id":221,"date":"2023-05-16T02:28:47","date_gmt":"2023-05-16T01:28:47","guid":{"rendered":"https:\/\/pv-mounts.com\/?page_id=221"},"modified":"2023-05-25T08:36:27","modified_gmt":"2023-05-25T07:36:27","slug":"montage-au-sol","status":"publish","type":"page","link":"https:\/\/pv-mounts.com\/fr\/ground-mounting\/","title":{"rendered":"Montage au sol"},"content":{"rendered":"","protected":false},"excerpt":{"rendered":"","protected":false},"author":1,"featured_media":0,"parent":0,"menu_order":0,"comment_status":"closed","ping_status":"closed","template":"","meta":{"footnotes":""},"class_list":["post-221","page","type-page","status-publish","hentry"],"yoast_head":"<!-- This site is optimized with the Yoast SEO plugin v27.3 - https:\/\/yoast.com\/product\/yoast-seo-wordpress\/ -->\n<title>Ground Mounting - PV MOUNTS<\/title>\n<meta name=\"description\" content=\"Our system provides a stable foundation mounting system to Maximize solar energy production. Easy installation on various terrains.\" \/>\n<meta name=\"robots\" content=\"index, follow, max-snippet:-1, max-image-preview:large, max-video-preview:-1\" \/>\n<link rel=\"canonical\" href=\"https:\/\/pv-mounts.com\/fr\/montage-au-sol\/\" \/>\n<meta property=\"og:locale\" content=\"fr_FR\" \/>\n<meta property=\"og:type\" content=\"article\" \/>\n<meta property=\"og:title\" content=\"Ground Mounting - PV MOUNTS\" \/>\n<meta property=\"og:description\" content=\"Our system provides a stable foundation mounting system to Maximize solar energy production. Easy installation on various terrains.\" \/>\n<meta property=\"og:url\" content=\"https:\/\/pv-mounts.com\/fr\/montage-au-sol\/\" \/>\n<meta property=\"og:site_name\" content=\"PV MOUNTS\" \/>\n<meta property=\"article:modified_time\" content=\"2023-05-25T07:36:27+00:00\" \/>\n<meta name=\"twitter:card\" content=\"summary_large_image\" \/>\n<script type=\"application\/ld+json\" class=\"yoast-schema-graph\">{\"@context\":\"https:\\\/\\\/schema.org\",\"@graph\":[{\"@type\":\"WebPage\",\"@id\":\"https:\\\/\\\/pv-mounts.com\\\/ground-mounting\\\/\",\"url\":\"https:\\\/\\\/pv-mounts.com\\\/ground-mounting\\\/\",\"name\":\"Ground Mounting - PV MOUNTS\",\"isPartOf\":{\"@id\":\"https:\\\/\\\/pv-mounts.com\\\/#website\"},\"datePublished\":\"2023-05-16T01:28:47+00:00\",\"dateModified\":\"2023-05-25T07:36:27+00:00\",\"description\":\"Our system provides a stable foundation mounting system to Maximize solar energy production. Easy installation on various terrains.\",\"breadcrumb\":{\"@id\":\"https:\\\/\\\/pv-mounts.com\\\/ground-mounting\\\/#breadcrumb\"},\"inLanguage\":\"fr-FR\",\"potentialAction\":[{\"@type\":\"ReadAction\",\"target\":[\"https:\\\/\\\/pv-mounts.com\\\/ground-mounting\\\/\"]}]},{\"@type\":\"BreadcrumbList\",\"@id\":\"https:\\\/\\\/pv-mounts.com\\\/ground-mounting\\\/#breadcrumb\",\"itemListElement\":[{\"@type\":\"ListItem\",\"position\":1,\"name\":\"Home\",\"item\":\"https:\\\/\\\/pv-mounts.com\\\/\"},{\"@type\":\"ListItem\",\"position\":2,\"name\":\"Ground Mounting\"}]},{\"@type\":\"WebSite\",\"@id\":\"https:\\\/\\\/pv-mounts.com\\\/#website\",\"url\":\"https:\\\/\\\/pv-mounts.com\\\/\",\"name\":\"PV MOUNTS\",\"description\":\"Reliable Solar PV Mounting System Racking Structure Manufacturer\",\"publisher\":{\"@id\":\"https:\\\/\\\/pv-mounts.com\\\/#organization\"},\"potentialAction\":[{\"@type\":\"SearchAction\",\"target\":{\"@type\":\"EntryPoint\",\"urlTemplate\":\"https:\\\/\\\/pv-mounts.com\\\/?s={search_term_string}\"},\"query-input\":{\"@type\":\"PropertyValueSpecification\",\"valueRequired\":true,\"valueName\":\"search_term_string\"}}],\"inLanguage\":\"fr-FR\"},{\"@type\":\"Organization\",\"@id\":\"https:\\\/\\\/pv-mounts.com\\\/#organization\",\"name\":\"PV MOUNTS\",\"url\":\"https:\\\/\\\/pv-mounts.com\\\/\",\"logo\":{\"@type\":\"ImageObject\",\"inLanguage\":\"fr-FR\",\"@id\":\"https:\\\/\\\/pv-mounts.com\\\/#\\\/schema\\\/logo\\\/image\\\/\",\"url\":\"https:\\\/\\\/pv-mounts.com\\\/wp-content\\\/uploads\\\/2023\\\/05\\\/PV-Mount-Logo.png\",\"contentUrl\":\"https:\\\/\\\/pv-mounts.com\\\/wp-content\\\/uploads\\\/2023\\\/05\\\/PV-Mount-Logo.png\",\"width\":1377,\"height\":275,\"caption\":\"PV MOUNTS\"},\"image\":{\"@id\":\"https:\\\/\\\/pv-mounts.com\\\/#\\\/schema\\\/logo\\\/image\\\/\"}}]}<\/script>\n<!-- \/ Yoast SEO plugin. -->","yoast_head_json":{"title":"Montage au sol - PV MOUNTS","description":"Notre syst\u00e8me fournit une fondation stable pour maximiser la production d'\u00e9nergie solaire. Installation facile sur diff\u00e9rents terrains.","robots":{"index":"index","follow":"follow","max-snippet":"max-snippet:-1","max-image-preview":"max-image-preview:large","max-video-preview":"max-video-preview:-1"},"canonical":"https:\/\/pv-mounts.com\/fr\/montage-au-sol\/","og_locale":"fr_FR","og_type":"article","og_title":"Ground Mounting - PV MOUNTS","og_description":"Our system provides a stable foundation mounting system to Maximize solar energy production. Easy installation on various terrains.","og_url":"https:\/\/pv-mounts.com\/fr\/montage-au-sol\/","og_site_name":"PV MOUNTS","article_modified_time":"2023-05-25T07:36:27+00:00","twitter_card":"summary_large_image","schema":{"@context":"https:\/\/schema.org","@graph":[{"@type":"WebPage","@id":"https:\/\/pv-mounts.com\/ground-mounting\/","url":"https:\/\/pv-mounts.com\/ground-mounting\/","name":"Montage au sol - PV MOUNTS","isPartOf":{"@id":"https:\/\/pv-mounts.com\/#website"},"datePublished":"2023-05-16T01:28:47+00:00","dateModified":"2023-05-25T07:36:27+00:00","description":"Notre syst\u00e8me fournit une fondation stable pour maximiser la production d'\u00e9nergie solaire. Installation facile sur diff\u00e9rents terrains.","breadcrumb":{"@id":"https:\/\/pv-mounts.com\/ground-mounting\/#breadcrumb"},"inLanguage":"fr-FR","potentialAction":[{"@type":"ReadAction","target":["https:\/\/pv-mounts.com\/ground-mounting\/"]}]},{"@type":"BreadcrumbList","@id":"https:\/\/pv-mounts.com\/ground-mounting\/#breadcrumb","itemListElement":[{"@type":"ListItem","position":1,"name":"Home","item":"https:\/\/pv-mounts.com\/"},{"@type":"ListItem","position":2,"name":"Ground Mounting"}]},{"@type":"WebSite","@id":"https:\/\/pv-mounts.com\/#website","url":"https:\/\/pv-mounts.com\/","name":"MOUNTS PV","description":"Fabricant fiable de structures de rayonnages pour syst\u00e8mes de montage de panneaux solaires photovolta\u00efques","publisher":{"@id":"https:\/\/pv-mounts.com\/#organization"},"potentialAction":[{"@type":"SearchAction","target":{"@type":"EntryPoint","urlTemplate":"https:\/\/pv-mounts.com\/?s={search_term_string}"},"query-input":{"@type":"PropertyValueSpecification","valueRequired":true,"valueName":"search_term_string"}}],"inLanguage":"fr-FR"},{"@type":"Organization","@id":"https:\/\/pv-mounts.com\/#organization","name":"MOUNTS PV","url":"https:\/\/pv-mounts.com\/","logo":{"@type":"ImageObject","inLanguage":"fr-FR","@id":"https:\/\/pv-mounts.com\/#\/schema\/logo\/image\/","url":"https:\/\/pv-mounts.com\/wp-content\/uploads\/2023\/05\/PV-Mount-Logo.png","contentUrl":"https:\/\/pv-mounts.com\/wp-content\/uploads\/2023\/05\/PV-Mount-Logo.png","width":1377,"height":275,"caption":"PV MOUNTS"},"image":{"@id":"https:\/\/pv-mounts.com\/#\/schema\/logo\/image\/"}}]}},"_links":{"self":[{"href":"https:\/\/pv-mounts.com\/fr\/wp-json\/wp\/v2\/pages\/221","targetHints":{"allow":["GET"]}}],"collection":[{"href":"https:\/\/pv-mounts.com\/fr\/wp-json\/wp\/v2\/pages"}],"about":[{"href":"https:\/\/pv-mounts.com\/fr\/wp-json\/wp\/v2\/types\/page"}],"author":[{"embeddable":true,"href":"https:\/\/pv-mounts.com\/fr\/wp-json\/wp\/v2\/users\/1"}],"replies":[{"embeddable":true,"href":"https:\/\/pv-mounts.com\/fr\/wp-json\/wp\/v2\/comments?post=221"}],"version-history":[{"count":1,"href":"https:\/\/pv-mounts.com\/fr\/wp-json\/wp\/v2\/pages\/221\/revisions"}],"predecessor-version":[{"id":222,"href":"https:\/\/pv-mounts.com\/fr\/wp-json\/wp\/v2\/pages\/221\/revisions\/222"}],"wp:attachment":[{"href":"https:\/\/pv-mounts.com\/fr\/wp-json\/wp\/v2\/media?parent=221"}],"curies":[{"name":"wp","href":"https:\/\/api.w.org\/{rel}","templated":true}]}}