{"id":3108,"date":"2023-08-01T15:54:05","date_gmt":"2023-08-01T14:54:05","guid":{"rendered":"https:\/\/pv-mounts.com\/?page_id=3108"},"modified":"2023-08-02T13:26:59","modified_gmt":"2023-08-02T12:26:59","slug":"nous-contacter-fr","status":"publish","type":"page","link":"https:\/\/pv-mounts.com\/fr\/fr-old\/contact-us-fr\/","title":{"rendered":"Nous contacter - FR"},"content":{"rendered":"\t\t<div data-elementor-type=\"wp-page\" data-elementor-id=\"3108\" class=\"elementor elementor-3108\" data-elementor-post-type=\"page\">\n\t\t\t\t\t\t<section class=\"elementor-section elementor-top-section elementor-element elementor-element-ba4683f elementor-section-height-min-height elementor-section-boxed elementor-section-height-default elementor-section-items-middle\" data-id=\"ba4683f\" data-element_type=\"section\" data-e-type=\"section\" data-settings=\"{&quot;background_background&quot;:&quot;classic&quot;}\">\n\t\t\t\t\t\t\t<div class=\"elementor-background-overlay\"><\/div>\n\t\t\t\t\t\t\t<div class=\"elementor-container elementor-column-gap-default\">\n\t\t\t\t\t<div class=\"elementor-column elementor-col-100 elementor-top-column elementor-element elementor-element-70da07c\" data-id=\"70da07c\" data-element_type=\"column\" data-e-type=\"column\">\n\t\t\t<div class=\"elementor-widget-wrap elementor-element-populated\">\n\t\t\t\t\t\t<div class=\"elementor-element elementor-element-f5c5c2f elementor-widget elementor-widget-woocommerce-breadcrumb\" data-id=\"f5c5c2f\" data-element_type=\"widget\" data-e-type=\"widget\" data-widget_type=\"woocommerce-breadcrumb.default\">\n\t\t\t\t\t<nav class=\"woocommerce-breadcrumb\" aria-label=\"Breadcrumb\">Accueil<\/nav>\t\t\t\t<\/div>\n\t\t\t\t\t<\/div>\n\t\t<\/div>\n\t\t\t\t\t<\/div>\n\t\t<\/section>\n\t\t\t\t<section class=\"elementor-section elementor-top-section elementor-element elementor-element-58cc001b elementor-section-content-middle elementor-section-full_width elementor-section-height-min-height elementor-section-items-stretch elementor-section-height-default\" data-id=\"58cc001b\" data-element_type=\"section\" data-e-type=\"section\">\n\t\t\t\t\t\t<div class=\"elementor-container elementor-column-gap-no\">\n\t\t\t\t\t<div class=\"elementor-column elementor-col-50 elementor-top-column elementor-element elementor-element-661e5815\" data-id=\"661e5815\" data-element_type=\"column\" data-e-type=\"column\" data-settings=\"{&quot;background_background&quot;:&quot;classic&quot;}\">\n\t\t\t<div class=\"elementor-widget-wrap elementor-element-populated\">\n\t\t\t\t\t\t<div class=\"elementor-element elementor-element-7e24f433 elementor-widget elementor-widget-text-editor\" data-id=\"7e24f433\" data-element_type=\"widget\" data-e-type=\"widget\" data-widget_type=\"text-editor.default\">\n\t\t\t\t\t\t\t\t\t<p><strong>Nous aimerions parler avec vous.<\/strong><\/p><p><strong>N&#8217;h\u00e9sitez pas \u00e0 nous contacter en utilisant les d\u00e9tails ci-dessous.<\/strong><\/p>\t\t\t\t\t\t\t\t<\/div>\n\t\t\t\t<div class=\"elementor-element elementor-element-eded5c7 elementor-widget__width-initial elementor-widget elementor-widget-text-editor\" data-id=\"eded5c7\" data-element_type=\"widget\" data-e-type=\"widget\" data-widget_type=\"text-editor.default\">\n\t\t\t\t\t\t\t\t\t<h5><span style=\"color: #ff7700;\"><strong>Xiamen PV Mounts Technology Co.,Ltd<\/strong><\/span><\/h5>\t\t\t\t\t\t\t\t<\/div>\n\t\t\t\t<div class=\"elementor-element elementor-element-43b99f91 elementor-widget elementor-widget-heading\" data-id=\"43b99f91\" data-element_type=\"widget\" data-e-type=\"widget\" data-widget_type=\"heading.default\">\n\t\t\t\t\t<h4 class=\"elementor-heading-title elementor-size-default\">Entrer en contact<\/h4>\t\t\t\t<\/div>\n\t\t\t\t<div class=\"elementor-element elementor-element-1f2ffa50 elementor-align-start elementor-icon-list--layout-traditional elementor-list-item-link-full_width elementor-widget elementor-widget-icon-list\" data-id=\"1f2ffa50\" data-element_type=\"widget\" data-e-type=\"widget\" data-widget_type=\"icon-list.default\">\n\t\t\t\t\t\t\t<ul class=\"elementor-icon-list-items\">\n\t\t\t\t\t\t\t<li class=\"elementor-icon-list-item\">\n\t\t\t\t\t\t\t\t\t\t\t<span class=\"elementor-icon-list-icon\">\n\t\t\t\t\t\t\t<i aria-hidden=\"true\" class=\"fas fa-mobile-alt\"><\/i>\t\t\t\t\t\t<\/span>\n\t\t\t\t\t\t\t\t\t\t<span class=\"elementor-icon-list-text\">+86 - 178 5013 2473 (whatsapp)<\/span>\n\t\t\t\t\t\t\t\t\t<\/li>\n\t\t\t\t\t\t\t\t<li class=\"elementor-icon-list-item\">\n\t\t\t\t\t\t\t\t\t\t\t<a href=\"mailto:info@pv-mounts.com\">\n\n\t\t\t\t\t\t\t\t\t\t\t\t<span class=\"elementor-icon-list-icon\">\n\t\t\t\t\t\t\t<i aria-hidden=\"true\" class=\"hm hm-mail-open\"><\/i>\t\t\t\t\t\t<\/span>\n\t\t\t\t\t\t\t\t\t\t<span class=\"elementor-icon-list-text\">info@pv-mounts.com<\/span>\n\t\t\t\t\t\t\t\t\t\t\t<\/a>\n\t\t\t\t\t\t\t\t\t<\/li>\n\t\t\t\t\t\t<\/ul>\n\t\t\t\t\t\t<\/div>\n\t\t\t\t<div class=\"elementor-element elementor-element-2fedf7f5 elementor-widget elementor-widget-heading\" data-id=\"2fedf7f5\" data-element_type=\"widget\" data-e-type=\"widget\" data-widget_type=\"heading.default\">\n\t\t\t\t\t<h4 class=\"elementor-heading-title elementor-size-default\">Adresse<\/h4>\t\t\t\t<\/div>\n\t\t\t\t<div class=\"elementor-element elementor-element-47bf172e elementor-align-start elementor-icon-list--layout-traditional elementor-list-item-link-full_width elementor-widget elementor-widget-icon-list\" data-id=\"47bf172e\" data-element_type=\"widget\" data-e-type=\"widget\" data-widget_type=\"icon-list.default\">\n\t\t\t\t\t\t\t<ul class=\"elementor-icon-list-items\">\n\t\t\t\t\t\t\t<li class=\"elementor-icon-list-item\">\n\t\t\t\t\t\t\t\t\t\t<span class=\"elementor-icon-list-text\">R801 NO.53 WUYUAN XIYILI HULI DISTRICT XIAMEN CHINA<\/span>\n\t\t\t\t\t\t\t\t\t<\/li>\n\t\t\t\t\t\t<\/ul>\n\t\t\t\t\t\t<\/div>\n\t\t\t\t<div class=\"elementor-element elementor-element-f544d0c elementor-widget__width-initial elementor-widget elementor-widget-heading\" data-id=\"f544d0c\" data-element_type=\"widget\" data-e-type=\"widget\" data-widget_type=\"heading.default\">\n\t\t\t\t\t<h4 class=\"elementor-heading-title elementor-size-default\">Num\u00e9riser vers wechat &amp; WhatsApp :<\/h4>\t\t\t\t<\/div>\n\t\t\t\t<div class=\"elementor-element elementor-element-1145871 elementor-widget__width-initial elementor-widget elementor-widget-image\" data-id=\"1145871\" data-element_type=\"widget\" data-e-type=\"widget\" data-widget_type=\"image.default\">\n\t\t\t\t\t\t\t\t\t\t\t\t\t\t\t<img decoding=\"async\" width=\"150\" height=\"150\" src=\"https:\/\/pv-mounts.com\/wp-content\/uploads\/2023\/05\/wechat-scode-150x150.png\" class=\"attachment-thumbnail size-thumbnail wp-image-1151\" alt=\"\" srcset=\"https:\/\/pv-mounts.com\/wp-content\/uploads\/2023\/05\/wechat-scode-150x150.png 150w, https:\/\/pv-mounts.com\/wp-content\/uploads\/2023\/05\/wechat-scode-300x300.png 300w, https:\/\/pv-mounts.com\/wp-content\/uploads\/2023\/05\/wechat-scode-100x100.png 100w, https:\/\/pv-mounts.com\/wp-content\/uploads\/2023\/05\/wechat-scode.png 500w\" sizes=\"(max-width: 150px) 100vw, 150px\" \/>\t\t\t\t\t\t\t\t\t\t\t\t\t\t\t<\/div>\n\t\t\t\t<div class=\"elementor-element elementor-element-b5469f1 elementor-widget__width-initial elementor-widget elementor-widget-image\" data-id=\"b5469f1\" data-element_type=\"widget\" data-e-type=\"widget\" data-widget_type=\"image.default\">\n\t\t\t\t\t\t\t\t\t\t\t\t\t\t\t<img decoding=\"async\" width=\"150\" height=\"150\" src=\"https:\/\/pv-mounts.com\/wp-content\/uploads\/2023\/06\/whatsapp-pv-mounts-150x150.jpg\" class=\"attachment-thumbnail size-thumbnail wp-image-1805\" alt=\"whatsapp-pv mounts\" srcset=\"https:\/\/pv-mounts.com\/wp-content\/uploads\/2023\/06\/whatsapp-pv-mounts-150x150.jpg 150w, https:\/\/pv-mounts.com\/wp-content\/uploads\/2023\/06\/whatsapp-pv-mounts-300x300.jpg 300w, https:\/\/pv-mounts.com\/wp-content\/uploads\/2023\/06\/whatsapp-pv-mounts-100x100.jpg 100w, https:\/\/pv-mounts.com\/wp-content\/uploads\/2023\/06\/whatsapp-pv-mounts.jpg 450w\" sizes=\"(max-width: 150px) 100vw, 150px\" \/>\t\t\t\t\t\t\t\t\t\t\t\t\t\t\t<\/div>\n\t\t\t\t<div class=\"elementor-element elementor-element-9b1da09 elementor-align-start elementor-icon-list--layout-traditional elementor-list-item-link-full_width elementor-widget elementor-widget-icon-list\" data-id=\"9b1da09\" data-element_type=\"widget\" data-e-type=\"widget\" data-widget_type=\"icon-list.default\">\n\t\t\t\t\t\t\t<ul class=\"elementor-icon-list-items\">\n\t\t\t\t\t\t\t<li class=\"elementor-icon-list-item\">\n\t\t\t\t\t\t\t\t\t\t<span class=\"elementor-icon-list-text\"><\/span>\n\t\t\t\t\t\t\t\t\t<\/li>\n\t\t\t\t\t\t<\/ul>\n\t\t\t\t\t\t<\/div>\n\t\t\t\t\t<\/div>\n\t\t<\/div>\n\t\t\t\t<div class=\"elementor-column elementor-col-50 elementor-top-column elementor-element elementor-element-58630c3a\" data-id=\"58630c3a\" data-element_type=\"column\" data-e-type=\"column\" data-settings=\"{&quot;background_background&quot;:&quot;classic&quot;}\">\n\t\t\t<div class=\"elementor-widget-wrap elementor-element-populated\">\n\t\t\t\t\t\t<div class=\"elementor-element elementor-element-11da5fcf elementor-widget elementor-widget-text-editor\" data-id=\"11da5fcf\" data-element_type=\"widget\" data-e-type=\"widget\" data-widget_type=\"text-editor.default\">\n\t\t\t\t\t\t\t\t\t<h3 style=\"text-align: left;\">\u00c9crivez-nous<\/h3>\t\t\t\t\t\t\t\t<\/div>\n\t\t\t\t<div class=\"elementor-element elementor-element-0bbbfa2 elementor-widget elementor-widget-text-editor\" data-id=\"0bbbfa2\" data-element_type=\"widget\" data-e-type=\"widget\" data-widget_type=\"text-editor.default\">\n\t\t\t\t\t\t\t\t\t<p style=\"text-align: left;\">Demandez des conceptions de montage solaire personnalis\u00e9es, une liste de bom et une solution de montage, etc.<\/p>\t\t\t\t\t\t\t\t<\/div>\n\t\t\t\t<div class=\"elementor-element elementor-element-57abd2a1 elementor-button-align-center elementor-widget elementor-widget-form\" data-id=\"57abd2a1\" data-element_type=\"widget\" data-e-type=\"widget\" data-settings=\"{&quot;step_next_label&quot;:&quot;Next&quot;,&quot;step_previous_label&quot;:&quot;Previous&quot;,&quot;button_width_tablet&quot;:&quot;100&quot;,&quot;button_width&quot;:&quot;100&quot;,&quot;step_type&quot;:&quot;number_text&quot;,&quot;step_icon_shape&quot;:&quot;circle&quot;}\" data-widget_type=\"form.default\">\n\t\t\t\t\t\t\t<form class=\"elementor-form\" method=\"post\" name=\"Contact Form\" aria-label=\"Contact Form\">\n\t\t\t<input type=\"hidden\" name=\"post_id\" value=\"3108\"\/>\n\t\t\t<input type=\"hidden\" name=\"form_id\" value=\"57abd2a1\"\/>\n\t\t\t<input type=\"hidden\" name=\"referer_title\" value=\"Contactez-nous - Fabricant de structure de montage solaire en Chine\" \/>\n\n\t\t\t\t\t\t\t<input type=\"hidden\" name=\"queried_id\" value=\"3108\"\/>\n\t\t\t\n\t\t\t<div class=\"elementor-form-fields-wrapper elementor-labels-\">\n\t\t\t\t\t\t\t\t<div class=\"elementor-field-type-text elementor-field-group elementor-column elementor-field-group-name elementor-col-50 elementor-field-required\">\n\t\t\t\t\t\t\t\t\t\t\t\t<label for=\"form-field-name\" class=\"elementor-field-label elementor-screen-only\">\n\t\t\t\t\t\t\t\tName\t\t\t\t\t\t\t<\/label>\n\t\t\t\t\t\t\t\t\t\t\t\t\t\t<input size=\"1\" type=\"text\" name=\"form_fields[name]\" id=\"form-field-name\" class=\"elementor-field elementor-size-md  elementor-field-textual\" placeholder=\"Nom\" required=\"required\">\n\t\t\t\t\t\t\t\t\t\t\t<\/div>\n\t\t\t\t\t\t\t\t<div class=\"elementor-field-type-text elementor-field-group elementor-column elementor-field-group-field_1cfc053 elementor-col-50 elementor-field-required\">\n\t\t\t\t\t\t\t\t\t\t\t\t<label for=\"form-field-field_1cfc053\" class=\"elementor-field-label elementor-screen-only\">\n\t\t\t\t\t\t\t\tCompany\t\t\t\t\t\t\t<\/label>\n\t\t\t\t\t\t\t\t\t\t\t\t\t\t<input size=\"1\" type=\"text\" name=\"form_fields[field_1cfc053]\" id=\"form-field-field_1cfc053\" class=\"elementor-field elementor-size-md  elementor-field-textual\" placeholder=\"Entreprise\" required=\"required\">\n\t\t\t\t\t\t\t\t\t\t\t<\/div>\n\t\t\t\t\t\t\t\t<div class=\"elementor-field-type-email elementor-field-group elementor-column elementor-field-group-email elementor-col-50 elementor-md-50 elementor-field-required\">\n\t\t\t\t\t\t\t\t\t\t\t\t<label for=\"form-field-email\" class=\"elementor-field-label elementor-screen-only\">\n\t\t\t\t\t\t\t\temail\t\t\t\t\t\t\t<\/label>\n\t\t\t\t\t\t\t\t\t\t\t\t\t\t<input size=\"1\" type=\"email\" name=\"form_fields[email]\" id=\"form-field-email\" class=\"elementor-field elementor-size-md  elementor-field-textual\" placeholder=\"Email\" required=\"required\">\n\t\t\t\t\t\t\t\t\t\t\t<\/div>\n\t\t\t\t\t\t\t\t<div class=\"elementor-field-type-tel elementor-field-group elementor-column elementor-field-group-field_5057311 elementor-col-50 elementor-md-50 elementor-field-required\">\n\t\t\t\t\t\t\t\t\t\t\t\t<label for=\"form-field-field_5057311\" class=\"elementor-field-label elementor-screen-only\">\n\t\t\t\t\t\t\t\tPhone\t\t\t\t\t\t\t<\/label>\n\t\t\t\t\t\t\t\t<input size=\"1\" type=\"tel\" name=\"form_fields[field_5057311]\" id=\"form-field-field_5057311\" class=\"elementor-field elementor-size-md  elementor-field-textual\" placeholder=\"T\u00e9l\u00e9phone\" required=\"required\" pattern=\"[0-9()#&amp;+*-=.]+\" title=\"\u041f\u0440\u0438\u043d\u0438\u043c\u0430\u044e\u0442\u0441\u044f \u0442\u043e\u043b\u044c\u043a\u043e \u0446\u0438\u0444\u0440\u044b \u0438 \u0442\u0435\u043b\u0435\u0444\u043e\u043d\u043d\u044b\u0435 \u0441\u0438\u043c\u0432\u043e\u043b\u044b (#, -, * \u0438 \u0442. \u0434.).\">\n\n\t\t\t\t\t\t<\/div>\n\t\t\t\t\t\t\t\t<div class=\"elementor-field-type-textarea elementor-field-group elementor-column elementor-field-group-field_71766c7 elementor-col-100\">\n\t\t\t\t\t\t\t\t\t\t\t\t<label for=\"form-field-field_71766c7\" class=\"elementor-field-label elementor-screen-only\">\n\t\t\t\t\t\t\t\tMessage\t\t\t\t\t\t\t<\/label>\n\t\t\t\t\t\t<textarea class=\"elementor-field-textual elementor-field  elementor-size-md\" name=\"form_fields[field_71766c7]\" id=\"form-field-field_71766c7\" rows=\"4\" placeholder=\"Message aux supports PV\"><\/textarea>\t\t\t\t<\/div>\n\t\t\t\t\t\t\t\t<div class=\"elementor-field-group elementor-column elementor-field-type-submit elementor-col-100 e-form__buttons elementor-md-100\">\n\t\t\t\t\t<button class=\"elementor-button elementor-size-md\" type=\"submit\">\n\t\t\t\t\t\t<span class=\"elementor-button-content-wrapper\">\n\t\t\t\t\t\t\t\t\t\t\t\t\t\t\t\t\t\t\t\t\t\t<span class=\"elementor-button-text\">Envoyer<\/span>\n\t\t\t\t\t\t\t\t\t\t\t\t\t<\/span>\n\t\t\t\t\t<\/button>\n\t\t\t\t<\/div>\n\t\t\t<\/div>\n\t\t<\/form>\n\t\t\t\t\t\t<\/div>\n\t\t\t\t\t<\/div>\n\t\t<\/div>\n\t\t\t\t\t<\/div>\n\t\t<\/section>\n\t\t\t\t<\/div>\n\t\t","protected":false},"excerpt":{"rendered":"<p>Nous aimerions parler avec vous. N&#8217;h\u00e9sitez pas \u00e0 nous contacter en utilisant les d\u00e9tails ci-dessous. Xiamen PV Mounts Technology Co.,Ltd Entrer en contact +86 &#8211; 178 5013 2473 (whatsapp) info@pv-mounts.com Adresse R801 NO.53 WUYUAN XIYILI HULI DISTRICT XIAMEN CHINA Num\u00e9riser vers wechat &amp; WhatsApp : \u00c9crivez-nous Demandez des conceptions de montage solaire personnalis\u00e9es, une liste [&hellip;]<\/p>\n","protected":false},"author":4,"featured_media":0,"parent":3061,"menu_order":0,"comment_status":"closed","ping_status":"closed","template":"","meta":{"footnotes":""},"class_list":["post-3108","page","type-page","status-publish","hentry"],"yoast_head":"<!-- This site is optimized with the Yoast SEO plugin v27.3 - https:\/\/yoast.com\/product\/yoast-seo-wordpress\/ -->\n<title>Contactez-nous - Fabricant de structure de montage solaire en Chine<\/title>\n<meta name=\"description\" content=\"Obtenez une solution d&#039;installation solaire personnalis\u00e9e pour vos projets. Contactez PV-Mount et faites le premier pas vers un avenir durable.\" \/>\n<meta name=\"robots\" content=\"index, follow, max-snippet:-1, max-image-preview:large, max-video-preview:-1\" \/>\n<link rel=\"canonical\" href=\"https:\/\/pv-mounts.com\/fr\/fr-ancien\/nous-contacter-fr\/\" \/>\n<meta property=\"og:locale\" content=\"fr_FR\" \/>\n<meta property=\"og:type\" content=\"article\" \/>\n<meta property=\"og:title\" content=\"Contactez-nous - Fabricant de structure de montage solaire en Chine\" \/>\n<meta property=\"og:description\" content=\"Obtenez une solution d&#039;installation solaire personnalis\u00e9e pour vos projets. Contactez PV-Mount et faites le premier pas vers un avenir durable.\" \/>\n<meta property=\"og:url\" content=\"https:\/\/pv-mounts.com\/fr\/fr-ancien\/nous-contacter-fr\/\" \/>\n<meta property=\"og:site_name\" content=\"PV MOUNTS\" \/>\n<meta property=\"article:modified_time\" content=\"2023-08-02T12:26:59+00:00\" \/>\n<meta property=\"og:image\" content=\"https:\/\/pv-mounts.com\/wp-content\/uploads\/2023\/05\/wechat-scode-150x150.png\" \/>\n<meta name=\"twitter:card\" content=\"summary_large_image\" \/>\n<meta name=\"twitter:label1\" content=\"Dur\u00e9e de lecture estim\u00e9e\" \/>\n\t<meta name=\"twitter:data1\" content=\"1 minute\" \/>\n<script type=\"application\/ld+json\" class=\"yoast-schema-graph\">{\"@context\":\"https:\\\/\\\/schema.org\",\"@graph\":[{\"@type\":\"WebPage\",\"@id\":\"https:\\\/\\\/pv-mounts.com\\\/fr-old\\\/contact-us-fr\\\/\",\"url\":\"https:\\\/\\\/pv-mounts.com\\\/fr-old\\\/contact-us-fr\\\/\",\"name\":\"Contactez-nous - Fabricant de structure de montage solaire en Chine\",\"isPartOf\":{\"@id\":\"https:\\\/\\\/pv-mounts.com\\\/#website\"},\"primaryImageOfPage\":{\"@id\":\"https:\\\/\\\/pv-mounts.com\\\/fr-old\\\/contact-us-fr\\\/#primaryimage\"},\"image\":{\"@id\":\"https:\\\/\\\/pv-mounts.com\\\/fr-old\\\/contact-us-fr\\\/#primaryimage\"},\"thumbnailUrl\":\"https:\\\/\\\/pv-mounts.com\\\/wp-content\\\/uploads\\\/2023\\\/05\\\/wechat-scode-150x150.png\",\"datePublished\":\"2023-08-01T14:54:05+00:00\",\"dateModified\":\"2023-08-02T12:26:59+00:00\",\"description\":\"Obtenez une solution d'installation solaire personnalis\u00e9e pour vos projets. Contactez PV-Mount et faites le premier pas vers un avenir durable.\",\"breadcrumb\":{\"@id\":\"https:\\\/\\\/pv-mounts.com\\\/fr-old\\\/contact-us-fr\\\/#breadcrumb\"},\"inLanguage\":\"fr-FR\",\"potentialAction\":[{\"@type\":\"ReadAction\",\"target\":[\"https:\\\/\\\/pv-mounts.com\\\/fr-old\\\/contact-us-fr\\\/\"]}]},{\"@type\":\"ImageObject\",\"inLanguage\":\"fr-FR\",\"@id\":\"https:\\\/\\\/pv-mounts.com\\\/fr-old\\\/contact-us-fr\\\/#primaryimage\",\"url\":\"https:\\\/\\\/pv-mounts.com\\\/wp-content\\\/uploads\\\/2023\\\/05\\\/wechat-scode-150x150.png\",\"contentUrl\":\"https:\\\/\\\/pv-mounts.com\\\/wp-content\\\/uploads\\\/2023\\\/05\\\/wechat-scode-150x150.png\"},{\"@type\":\"BreadcrumbList\",\"@id\":\"https:\\\/\\\/pv-mounts.com\\\/fr-old\\\/contact-us-fr\\\/#breadcrumb\",\"itemListElement\":[{\"@type\":\"ListItem\",\"position\":1,\"name\":\"Home\",\"item\":\"https:\\\/\\\/pv-mounts.com\\\/\"},{\"@type\":\"ListItem\",\"position\":2,\"name\":\"Home &#8211; FR\",\"item\":\"https:\\\/\\\/pv-mounts.com\\\/fr-old\\\/\"},{\"@type\":\"ListItem\",\"position\":3,\"name\":\"Contact us &#8211; FR\"}]},{\"@type\":\"WebSite\",\"@id\":\"https:\\\/\\\/pv-mounts.com\\\/#website\",\"url\":\"https:\\\/\\\/pv-mounts.com\\\/\",\"name\":\"PV MOUNTS\",\"description\":\"Reliable Solar PV Mounting System Racking Structure Manufacturer\",\"publisher\":{\"@id\":\"https:\\\/\\\/pv-mounts.com\\\/#organization\"},\"potentialAction\":[{\"@type\":\"SearchAction\",\"target\":{\"@type\":\"EntryPoint\",\"urlTemplate\":\"https:\\\/\\\/pv-mounts.com\\\/?s={search_term_string}\"},\"query-input\":{\"@type\":\"PropertyValueSpecification\",\"valueRequired\":true,\"valueName\":\"search_term_string\"}}],\"inLanguage\":\"fr-FR\"},{\"@type\":\"Organization\",\"@id\":\"https:\\\/\\\/pv-mounts.com\\\/#organization\",\"name\":\"PV MOUNTS\",\"url\":\"https:\\\/\\\/pv-mounts.com\\\/\",\"logo\":{\"@type\":\"ImageObject\",\"inLanguage\":\"fr-FR\",\"@id\":\"https:\\\/\\\/pv-mounts.com\\\/#\\\/schema\\\/logo\\\/image\\\/\",\"url\":\"https:\\\/\\\/pv-mounts.com\\\/wp-content\\\/uploads\\\/2023\\\/05\\\/PV-Mount-Logo.png\",\"contentUrl\":\"https:\\\/\\\/pv-mounts.com\\\/wp-content\\\/uploads\\\/2023\\\/05\\\/PV-Mount-Logo.png\",\"width\":1377,\"height\":275,\"caption\":\"PV MOUNTS\"},\"image\":{\"@id\":\"https:\\\/\\\/pv-mounts.com\\\/#\\\/schema\\\/logo\\\/image\\\/\"}}]}<\/script>\n<!-- \/ Yoast SEO plugin. -->","yoast_head_json":{"title":"Contactez-nous - Fabricant de structure de montage solaire en Chine","description":"Obtenez une solution d'installation solaire personnalis\u00e9e pour vos projets. Contactez PV-Mount et faites le premier pas vers un avenir durable.","robots":{"index":"index","follow":"follow","max-snippet":"max-snippet:-1","max-image-preview":"max-image-preview:large","max-video-preview":"max-video-preview:-1"},"canonical":"https:\/\/pv-mounts.com\/fr\/fr-ancien\/nous-contacter-fr\/","og_locale":"fr_FR","og_type":"article","og_title":"Contactez-nous - Fabricant de structure de montage solaire en Chine","og_description":"Obtenez une solution d'installation solaire personnalis\u00e9e pour vos projets. Contactez PV-Mount et faites le premier pas vers un avenir durable.","og_url":"https:\/\/pv-mounts.com\/fr\/fr-ancien\/nous-contacter-fr\/","og_site_name":"PV MOUNTS","article_modified_time":"2023-08-02T12:26:59+00:00","og_image":[{"url":"https:\/\/pv-mounts.com\/wp-content\/uploads\/2023\/05\/wechat-scode-150x150.png","type":"","width":"","height":""}],"twitter_card":"summary_large_image","twitter_misc":{"Dur\u00e9e de lecture estim\u00e9e":"1 minute"},"schema":{"@context":"https:\/\/schema.org","@graph":[{"@type":"WebPage","@id":"https:\/\/pv-mounts.com\/fr-old\/contact-us-fr\/","url":"https:\/\/pv-mounts.com\/fr-old\/contact-us-fr\/","name":"Contactez-nous - Fabricant de structure de montage solaire en Chine","isPartOf":{"@id":"https:\/\/pv-mounts.com\/#website"},"primaryImageOfPage":{"@id":"https:\/\/pv-mounts.com\/fr-old\/contact-us-fr\/#primaryimage"},"image":{"@id":"https:\/\/pv-mounts.com\/fr-old\/contact-us-fr\/#primaryimage"},"thumbnailUrl":"https:\/\/pv-mounts.com\/wp-content\/uploads\/2023\/05\/wechat-scode-150x150.png","datePublished":"2023-08-01T14:54:05+00:00","dateModified":"2023-08-02T12:26:59+00:00","description":"Obtenez une solution d'installation solaire personnalis\u00e9e pour vos projets. Contactez PV-Mount et faites le premier pas vers un avenir durable.","breadcrumb":{"@id":"https:\/\/pv-mounts.com\/fr-old\/contact-us-fr\/#breadcrumb"},"inLanguage":"fr-FR","potentialAction":[{"@type":"ReadAction","target":["https:\/\/pv-mounts.com\/fr-old\/contact-us-fr\/"]}]},{"@type":"ImageObject","inLanguage":"fr-FR","@id":"https:\/\/pv-mounts.com\/fr-old\/contact-us-fr\/#primaryimage","url":"https:\/\/pv-mounts.com\/wp-content\/uploads\/2023\/05\/wechat-scode-150x150.png","contentUrl":"https:\/\/pv-mounts.com\/wp-content\/uploads\/2023\/05\/wechat-scode-150x150.png"},{"@type":"BreadcrumbList","@id":"https:\/\/pv-mounts.com\/fr-old\/contact-us-fr\/#breadcrumb","itemListElement":[{"@type":"ListItem","position":1,"name":"Home","item":"https:\/\/pv-mounts.com\/"},{"@type":"ListItem","position":2,"name":"Home &#8211; FR","item":"https:\/\/pv-mounts.com\/fr-old\/"},{"@type":"ListItem","position":3,"name":"Contact us &#8211; FR"}]},{"@type":"WebSite","@id":"https:\/\/pv-mounts.com\/#website","url":"https:\/\/pv-mounts.com\/","name":"MOUNTS PV","description":"Fabricant fiable de structures de rayonnages pour syst\u00e8mes de montage de panneaux solaires photovolta\u00efques","publisher":{"@id":"https:\/\/pv-mounts.com\/#organization"},"potentialAction":[{"@type":"SearchAction","target":{"@type":"EntryPoint","urlTemplate":"https:\/\/pv-mounts.com\/?s={search_term_string}"},"query-input":{"@type":"PropertyValueSpecification","valueRequired":true,"valueName":"search_term_string"}}],"inLanguage":"fr-FR"},{"@type":"Organization","@id":"https:\/\/pv-mounts.com\/#organization","name":"MOUNTS PV","url":"https:\/\/pv-mounts.com\/","logo":{"@type":"ImageObject","inLanguage":"fr-FR","@id":"https:\/\/pv-mounts.com\/#\/schema\/logo\/image\/","url":"https:\/\/pv-mounts.com\/wp-content\/uploads\/2023\/05\/PV-Mount-Logo.png","contentUrl":"https:\/\/pv-mounts.com\/wp-content\/uploads\/2023\/05\/PV-Mount-Logo.png","width":1377,"height":275,"caption":"PV MOUNTS"},"image":{"@id":"https:\/\/pv-mounts.com\/#\/schema\/logo\/image\/"}}]}},"_links":{"self":[{"href":"https:\/\/pv-mounts.com\/fr\/wp-json\/wp\/v2\/pages\/3108","targetHints":{"allow":["GET"]}}],"collection":[{"href":"https:\/\/pv-mounts.com\/fr\/wp-json\/wp\/v2\/pages"}],"about":[{"href":"https:\/\/pv-mounts.com\/fr\/wp-json\/wp\/v2\/types\/page"}],"author":[{"embeddable":true,"href":"https:\/\/pv-mounts.com\/fr\/wp-json\/wp\/v2\/users\/4"}],"replies":[{"embeddable":true,"href":"https:\/\/pv-mounts.com\/fr\/wp-json\/wp\/v2\/comments?post=3108"}],"version-history":[{"count":7,"href":"https:\/\/pv-mounts.com\/fr\/wp-json\/wp\/v2\/pages\/3108\/revisions"}],"predecessor-version":[{"id":3115,"href":"https:\/\/pv-mounts.com\/fr\/wp-json\/wp\/v2\/pages\/3108\/revisions\/3115"}],"up":[{"embeddable":true,"href":"https:\/\/pv-mounts.com\/fr\/wp-json\/wp\/v2\/pages\/3061"}],"wp:attachment":[{"href":"https:\/\/pv-mounts.com\/fr\/wp-json\/wp\/v2\/media?parent=3108"}],"curies":[{"name":"wp","href":"https:\/\/api.w.org\/{rel}","templated":true}]}}