{"id":4005,"date":"2023-08-29T09:08:16","date_gmt":"2023-08-29T08:08:16","guid":{"rendered":"https:\/\/pv-mounts.com\/?page_id=4005"},"modified":"2023-08-29T10:56:49","modified_gmt":"2023-08-29T09:56:49","slug":"montagem-no-solo-es","status":"publish","type":"page","link":"https:\/\/pv-mounts.com\/pt\/home-es\/products-es\/ground-mounting-es\/","title":{"rendered":"Montagem no solo - ES"},"content":{"rendered":"\t\t<div data-elementor-type=\"wp-page\" data-elementor-id=\"4005\" class=\"elementor elementor-4005\" data-elementor-post-type=\"page\">\n\t\t\t\t\t\t<section class=\"elementor-section elementor-top-section elementor-element elementor-element-9d083cf elementor-section-height-min-height elementor-section-boxed elementor-section-height-default elementor-section-items-middle\" data-id=\"9d083cf\" data-element_type=\"section\" data-e-type=\"section\" data-settings=\"{&quot;background_background&quot;:&quot;classic&quot;}\">\n\t\t\t\t\t\t\t<div class=\"elementor-background-overlay\"><\/div>\n\t\t\t\t\t\t\t<div class=\"elementor-container elementor-column-gap-default\">\n\t\t\t\t\t<div class=\"elementor-column elementor-col-100 elementor-top-column elementor-element elementor-element-6219e3a\" data-id=\"6219e3a\" data-element_type=\"column\" data-e-type=\"column\">\n\t\t\t<div class=\"elementor-widget-wrap elementor-element-populated\">\n\t\t\t\t\t\t<div class=\"elementor-element elementor-element-271283b elementor-widget elementor-widget-heading\" data-id=\"271283b\" data-element_type=\"widget\" data-e-type=\"widget\" data-widget_type=\"heading.default\">\n\t\t\t\t\t<h1 class=\"elementor-heading-title elementor-size-default\">Montaje solar en tierra<\/h1>\t\t\t\t<\/div>\n\t\t\t\t<div class=\"elementor-element elementor-element-adf547d elementor-widget elementor-widget-woocommerce-breadcrumb\" data-id=\"adf547d\" data-element_type=\"widget\" data-e-type=\"widget\" data-widget_type=\"woocommerce-breadcrumb.default\">\n\t\t\t\t\t<nav class=\"woocommerce-breadcrumb\" aria-label=\"Breadcrumb\">In\u00edcio<\/nav>\t\t\t\t<\/div>\n\t\t\t\t\t<\/div>\n\t\t<\/div>\n\t\t\t\t\t<\/div>\n\t\t<\/section>\n\t\t\t\t<section class=\"elementor-section elementor-top-section elementor-element elementor-element-5b467f5 elementor-section-boxed elementor-section-height-default elementor-section-height-default\" data-id=\"5b467f5\" data-element_type=\"section\" data-e-type=\"section\">\n\t\t\t\t\t\t<div class=\"elementor-container elementor-column-gap-default\">\n\t\t\t\t\t<div class=\"elementor-column elementor-col-100 elementor-top-column elementor-element elementor-element-5c6990b\" data-id=\"5c6990b\" data-element_type=\"column\" data-e-type=\"column\">\n\t\t\t<div class=\"elementor-widget-wrap elementor-element-populated\">\n\t\t\t\t\t\t<section class=\"elementor-section elementor-inner-section elementor-element elementor-element-5d686ab elementor-section-boxed elementor-section-height-default elementor-section-height-default\" data-id=\"5d686ab\" data-element_type=\"section\" data-e-type=\"section\">\n\t\t\t\t\t\t<div class=\"elementor-container elementor-column-gap-default\">\n\t\t\t\t\t<div class=\"elementor-column elementor-col-100 elementor-inner-column elementor-element elementor-element-d82339b\" data-id=\"d82339b\" data-element_type=\"column\" data-e-type=\"column\">\n\t\t\t<div class=\"elementor-widget-wrap elementor-element-populated\">\n\t\t\t\t\t\t<div class=\"elementor-element elementor-element-802f560 elementor-widget elementor-widget-text-editor\" data-id=\"802f560\" data-element_type=\"widget\" data-e-type=\"widget\" data-widget_type=\"text-editor.default\">\n\t\t\t\t\t\t\t\t\t<p>Contamos con sistema de montaje en tierra con tornillos, cimientos de concreto y pilotes.<\/p>\t\t\t\t\t\t\t\t<\/div>\n\t\t\t\t\t<\/div>\n\t\t<\/div>\n\t\t\t\t\t<\/div>\n\t\t<\/section>\n\t\t\t\t<section class=\"elementor-section elementor-inner-section elementor-element elementor-element-7ac98a4 elementor-section-boxed elementor-section-height-default elementor-section-height-default\" data-id=\"7ac98a4\" data-element_type=\"section\" data-e-type=\"section\">\n\t\t\t\t\t\t<div class=\"elementor-container elementor-column-gap-default\">\n\t\t\t\t\t<div class=\"elementor-column elementor-col-50 elementor-inner-column elementor-element elementor-element-b984568\" data-id=\"b984568\" data-element_type=\"column\" data-e-type=\"column\">\n\t\t\t<div class=\"elementor-widget-wrap\">\n\t\t\t\t\t\t\t<\/div>\n\t\t<\/div>\n\t\t\t\t<div class=\"elementor-column elementor-col-50 elementor-inner-column elementor-element elementor-element-4330815\" data-id=\"4330815\" data-element_type=\"column\" data-e-type=\"column\">\n\t\t\t<div class=\"elementor-widget-wrap\">\n\t\t\t\t\t\t\t<\/div>\n\t\t<\/div>\n\t\t\t\t\t<\/div>\n\t\t<\/section>\n\t\t\t\t\t<\/div>\n\t\t<\/div>\n\t\t\t\t\t<\/div>\n\t\t<\/section>\n\t\t\t\t<section class=\"elementor-section elementor-top-section elementor-element elementor-element-a534e5e elementor-section-full_width elementor-section-height-default elementor-section-height-default\" data-id=\"a534e5e\" data-element_type=\"section\" data-e-type=\"section\" data-settings=\"{&quot;background_background&quot;:&quot;classic&quot;}\">\n\t\t\t\t\t\t\t<div class=\"elementor-background-overlay\"><\/div>\n\t\t\t\t\t\t\t<div class=\"elementor-container elementor-column-gap-default\">\n\t\t\t\t\t<div class=\"elementor-column elementor-col-50 elementor-top-column elementor-element elementor-element-5522fa6\" data-id=\"5522fa6\" data-element_type=\"column\" data-e-type=\"column\">\n\t\t\t<div class=\"elementor-widget-wrap elementor-element-populated\">\n\t\t\t\t\t\t<div class=\"elementor-element elementor-element-75970f0 elementor-widget elementor-widget-heading\" data-id=\"75970f0\" data-element_type=\"widget\" data-e-type=\"widget\" data-widget_type=\"heading.default\">\n\t\t\t\t\t<h2 class=\"elementor-heading-title elementor-size-default\">CONSIGUE UNA COTIZACI\u00d3N<\/h2>\t\t\t\t<\/div>\n\t\t\t\t<div class=\"elementor-element elementor-element-8447cf4 elementor-button-align-stretch elementor-widget elementor-widget-form\" data-id=\"8447cf4\" data-element_type=\"widget\" data-e-type=\"widget\" data-settings=\"{&quot;step_next_label&quot;:&quot;Next&quot;,&quot;step_previous_label&quot;:&quot;Previous&quot;,&quot;button_width&quot;:&quot;100&quot;,&quot;step_type&quot;:&quot;number_text&quot;,&quot;step_icon_shape&quot;:&quot;circle&quot;}\" data-widget_type=\"form.default\">\n\t\t\t\t\t\t\t<form class=\"elementor-form\" method=\"post\" name=\"New Form\" aria-label=\"New Form\">\n\t\t\t<input type=\"hidden\" name=\"post_id\" value=\"4005\"\/>\n\t\t\t<input type=\"hidden\" name=\"form_id\" value=\"8447cf4\"\/>\n\t\t\t<input type=\"hidden\" name=\"referer_title\" value=\"Ground Mounting - ES - Solar PV Mounting Structure Manufacturer\" \/>\n\n\t\t\t\t\t\t\t<input type=\"hidden\" name=\"queried_id\" value=\"4005\"\/>\n\t\t\t\n\t\t\t<div class=\"elementor-form-fields-wrapper elementor-labels-\">\n\t\t\t\t\t\t\t\t<div class=\"elementor-field-type-text elementor-field-group elementor-column elementor-field-group-field_8a4a236 elementor-col-50\">\n\t\t\t\t\t\t\t\t\t\t\t\t<label for=\"form-field-field_8a4a236\" class=\"elementor-field-label elementor-screen-only\">\n\t\t\t\t\t\t\t\tName\t\t\t\t\t\t\t<\/label>\n\t\t\t\t\t\t\t\t\t\t\t\t\t\t<input size=\"1\" type=\"text\" name=\"form_fields[field_8a4a236]\" id=\"form-field-field_8a4a236\" class=\"elementor-field elementor-size-sm  elementor-field-textual\" placeholder=\"Nombre\">\n\t\t\t\t\t\t\t\t\t\t\t<\/div>\n\t\t\t\t\t\t\t\t<div class=\"elementor-field-type-text elementor-field-group elementor-column elementor-field-group-field_0e1cd7e elementor-col-50\">\n\t\t\t\t\t\t\t\t\t\t\t\t<label for=\"form-field-field_0e1cd7e\" class=\"elementor-field-label elementor-screen-only\">\n\t\t\t\t\t\t\t\tMoble Phone\t\t\t\t\t\t\t<\/label>\n\t\t\t\t\t\t\t\t\t\t\t\t\t\t<input size=\"1\" type=\"text\" name=\"form_fields[field_0e1cd7e]\" id=\"form-field-field_0e1cd7e\" class=\"elementor-field elementor-size-sm  elementor-field-textual\" placeholder=\"Tel\u00e9fono m\u00f3vil\">\n\t\t\t\t\t\t\t\t\t\t\t<\/div>\n\t\t\t\t\t\t\t\t<div class=\"elementor-field-type-text elementor-field-group elementor-column elementor-field-group-field_fb2b362 elementor-col-100\">\n\t\t\t\t\t\t\t\t\t\t\t\t<label for=\"form-field-field_fb2b362\" class=\"elementor-field-label elementor-screen-only\">\n\t\t\t\t\t\t\t\tCompany\t\t\t\t\t\t\t<\/label>\n\t\t\t\t\t\t\t\t\t\t\t\t\t\t<input size=\"1\" type=\"text\" name=\"form_fields[field_fb2b362]\" id=\"form-field-field_fb2b362\" class=\"elementor-field elementor-size-sm  elementor-field-textual\" placeholder=\"Compa\u00f1\u00eda\">\n\t\t\t\t\t\t\t\t\t\t\t<\/div>\n\t\t\t\t\t\t\t\t<div class=\"elementor-field-type-email elementor-field-group elementor-column elementor-field-group-email elementor-col-100 elementor-field-required\">\n\t\t\t\t\t\t\t\t\t\t\t\t<label for=\"form-field-email\" class=\"elementor-field-label elementor-screen-only\">\n\t\t\t\t\t\t\t\tEmail\t\t\t\t\t\t\t<\/label>\n\t\t\t\t\t\t\t\t\t\t\t\t\t\t<input size=\"1\" type=\"email\" name=\"form_fields[email]\" id=\"form-field-email\" class=\"elementor-field elementor-size-sm  elementor-field-textual\" placeholder=\"Email\" required=\"required\">\n\t\t\t\t\t\t\t\t\t\t\t<\/div>\n\t\t\t\t\t\t\t\t<div class=\"elementor-field-type-textarea elementor-field-group elementor-column elementor-field-group-message elementor-col-100\">\n\t\t\t\t\t\t\t\t\t\t\t\t<label for=\"form-field-message\" class=\"elementor-field-label elementor-screen-only\">\n\t\t\t\t\t\t\t\tMessage\t\t\t\t\t\t\t<\/label>\n\t\t\t\t\t\t<textarea class=\"elementor-field-textual elementor-field  elementor-size-sm\" name=\"form_fields[message]\" id=\"form-field-message\" rows=\"4\" placeholder=\"Mensaje Un sistema de montaje solar\"><\/textarea>\t\t\t\t<\/div>\n\t\t\t\t\t\t\t\t<div class=\"elementor-field-group elementor-column elementor-field-type-submit elementor-col-100 e-form__buttons\">\n\t\t\t\t\t<button class=\"elementor-button elementor-size-sm\" type=\"submit\">\n\t\t\t\t\t\t<span class=\"elementor-button-content-wrapper\">\n\t\t\t\t\t\t\t\t\t\t\t\t\t\t\t\t\t\t\t\t\t\t<span class=\"elementor-button-text\">SOMETER<\/span>\n\t\t\t\t\t\t\t\t\t\t\t\t\t<\/span>\n\t\t\t\t\t<\/button>\n\t\t\t\t<\/div>\n\t\t\t<\/div>\n\t\t<\/form>\n\t\t\t\t\t\t<\/div>\n\t\t\t\t\t<\/div>\n\t\t<\/div>\n\t\t\t\t<div class=\"elementor-column elementor-col-50 elementor-top-column elementor-element elementor-element-483fe17\" data-id=\"483fe17\" data-element_type=\"column\" data-e-type=\"column\" data-settings=\"{&quot;background_background&quot;:&quot;classic&quot;}\">\n\t\t\t<div class=\"elementor-widget-wrap elementor-element-populated\">\n\t\t\t\t\t\t<div class=\"elementor-element elementor-element-9cb8c2a elementor-widget elementor-widget-heading\" data-id=\"9cb8c2a\" data-element_type=\"widget\" data-e-type=\"widget\" data-widget_type=\"heading.default\">\n\t\t\t\t\t<h2 class=\"elementor-heading-title elementor-size-default\">C\u00f3mo podemos ayudar<\/h2>\t\t\t\t<\/div>\n\t\t\t\t<section class=\"elementor-section elementor-inner-section elementor-element elementor-element-59aeaf1 elementor-section-boxed elementor-section-height-default elementor-section-height-default\" data-id=\"59aeaf1\" data-element_type=\"section\" data-e-type=\"section\">\n\t\t\t\t\t\t<div class=\"elementor-container elementor-column-gap-default\">\n\t\t\t\t\t<div class=\"elementor-column elementor-col-50 elementor-inner-column elementor-element elementor-element-7cbb3f7\" data-id=\"7cbb3f7\" data-element_type=\"column\" data-e-type=\"column\">\n\t\t\t<div class=\"elementor-widget-wrap elementor-element-populated\">\n\t\t\t\t\t\t<div class=\"elementor-element elementor-element-4c218cd elementor-icon-list--layout-traditional elementor-list-item-link-full_width elementor-widget elementor-widget-icon-list\" data-id=\"4c218cd\" data-element_type=\"widget\" data-e-type=\"widget\" data-widget_type=\"icon-list.default\">\n\t\t\t\t\t\t\t<ul class=\"elementor-icon-list-items\">\n\t\t\t\t\t\t\t<li class=\"elementor-icon-list-item\">\n\t\t\t\t\t\t\t\t\t\t\t<span class=\"elementor-icon-list-icon\">\n\t\t\t\t\t\t\t<i aria-hidden=\"true\" class=\"far fa-dot-circle\"><\/i>\t\t\t\t\t\t<\/span>\n\t\t\t\t\t\t\t\t\t\t<span class=\"elementor-icon-list-text\">Visitas a la f\u00e1brica<\/span>\n\t\t\t\t\t\t\t\t\t<\/li>\n\t\t\t\t\t\t\t\t<li class=\"elementor-icon-list-item\">\n\t\t\t\t\t\t\t\t\t\t\t<span class=\"elementor-icon-list-icon\">\n\t\t\t\t\t\t\t<i aria-hidden=\"true\" class=\"far fa-dot-circle\"><\/i>\t\t\t\t\t\t<\/span>\n\t\t\t\t\t\t\t\t\t\t<span class=\"elementor-icon-list-text\">Cotizaci\u00f3n completamente detallada<\/span>\n\t\t\t\t\t\t\t\t\t<\/li>\n\t\t\t\t\t\t\t\t<li class=\"elementor-icon-list-item\">\n\t\t\t\t\t\t\t\t\t\t\t<span class=\"elementor-icon-list-icon\">\n\t\t\t\t\t\t\t<i aria-hidden=\"true\" class=\"far fa-dot-circle\"><\/i>\t\t\t\t\t\t<\/span>\n\t\t\t\t\t\t\t\t\t\t<span class=\"elementor-icon-list-text\">Inspecci\u00f3n de control de calidad<\/span>\n\t\t\t\t\t\t\t\t\t<\/li>\n\t\t\t\t\t\t\t\t<li class=\"elementor-icon-list-item\">\n\t\t\t\t\t\t\t\t\t\t\t<span class=\"elementor-icon-list-icon\">\n\t\t\t\t\t\t\t<i aria-hidden=\"true\" class=\"far fa-dot-circle\"><\/i>\t\t\t\t\t\t<\/span>\n\t\t\t\t\t\t\t\t\t\t<span class=\"elementor-icon-list-text\">Plazo de ejecuci\u00f3n corto<\/span>\n\t\t\t\t\t\t\t\t\t<\/li>\n\t\t\t\t\t\t<\/ul>\n\t\t\t\t\t\t<\/div>\n\t\t\t\t\t<\/div>\n\t\t<\/div>\n\t\t\t\t<div class=\"elementor-column elementor-col-50 elementor-inner-column elementor-element elementor-element-d2429bc\" data-id=\"d2429bc\" data-element_type=\"column\" data-e-type=\"column\">\n\t\t\t<div class=\"elementor-widget-wrap elementor-element-populated\">\n\t\t\t\t\t\t<div class=\"elementor-element elementor-element-7df8b1c elementor-icon-list--layout-traditional elementor-list-item-link-full_width elementor-widget elementor-widget-icon-list\" data-id=\"7df8b1c\" data-element_type=\"widget\" data-e-type=\"widget\" data-widget_type=\"icon-list.default\">\n\t\t\t\t\t\t\t<ul class=\"elementor-icon-list-items\">\n\t\t\t\t\t\t\t<li class=\"elementor-icon-list-item\">\n\t\t\t\t\t\t\t\t\t\t\t<span class=\"elementor-icon-list-icon\">\n\t\t\t\t\t\t\t<i aria-hidden=\"true\" class=\"far fa-dot-circle\"><\/i>\t\t\t\t\t\t<\/span>\n\t\t\t\t\t\t\t\t\t\t<span class=\"elementor-icon-list-text\">Consulta de montaje gratis<\/span>\n\t\t\t\t\t\t\t\t\t<\/li>\n\t\t\t\t\t\t\t\t<li class=\"elementor-icon-list-item\">\n\t\t\t\t\t\t\t\t\t\t\t<span class=\"elementor-icon-list-icon\">\n\t\t\t\t\t\t\t<i aria-hidden=\"true\" class=\"far fa-dot-circle\"><\/i>\t\t\t\t\t\t<\/span>\n\t\t\t\t\t\t\t\t\t\t<span class=\"elementor-icon-list-text\">Dibujo de dise\u00f1o libre<\/span>\n\t\t\t\t\t\t\t\t\t<\/li>\n\t\t\t\t\t\t\t\t<li class=\"elementor-icon-list-item\">\n\t\t\t\t\t\t\t\t\t\t\t<span class=\"elementor-icon-list-icon\">\n\t\t\t\t\t\t\t<i aria-hidden=\"true\" class=\"far fa-dot-circle\"><\/i>\t\t\t\t\t\t<\/span>\n\t\t\t\t\t\t\t\t\t\t<span class=\"elementor-icon-list-text\">Lista de nacidos libres<\/span>\n\t\t\t\t\t\t\t\t\t<\/li>\n\t\t\t\t\t\t\t\t<li class=\"elementor-icon-list-item\">\n\t\t\t\t\t\t\t\t\t\t\t<span class=\"elementor-icon-list-icon\">\n\t\t\t\t\t\t\t<i aria-hidden=\"true\" class=\"far fa-dot-circle\"><\/i>\t\t\t\t\t\t<\/span>\n\t\t\t\t\t\t\t\t\t\t<span class=\"elementor-icon-list-text\">Muestra gratis<\/span>\n\t\t\t\t\t\t\t\t\t<\/li>\n\t\t\t\t\t\t<\/ul>\n\t\t\t\t\t\t<\/div>\n\t\t\t\t\t<\/div>\n\t\t<\/div>\n\t\t\t\t\t<\/div>\n\t\t<\/section>\n\t\t\t\t\t<\/div>\n\t\t<\/div>\n\t\t\t\t\t<\/div>\n\t\t<\/section>\n\t\t\t\t<\/div>\n\t\t","protected":false},"excerpt":{"rendered":"<p>Montaje solar en tierra Contamos con sistema de montaje en tierra con tornillos, cimientos de concreto y pilotes. Sistema de montaje en suelo est\u00e1ndar Maximice el preensamblaje antes del env\u00edo, la planificaci\u00f3n de f\u00e1brica y el mecanizado para eliminar la soldadura y el corte en el sitio de instalaci\u00f3n, ahorr\u00e1ndole tiempo y costos de instalaci\u00f3n. [&hellip;]<\/p>\n","protected":false},"author":3,"featured_media":0,"parent":3139,"menu_order":0,"comment_status":"closed","ping_status":"closed","template":"","meta":{"footnotes":""},"class_list":["post-4005","page","type-page","status-publish","hentry"],"yoast_head":"<!-- This site is optimized with the Yoast SEO plugin v27.3 - https:\/\/yoast.com\/product\/yoast-seo-wordpress\/ -->\n<title>Ground Mounting - ES - Solar PV Mounting Structure Manufacturer<\/title>\n<meta name=\"description\" content=\"Ground Mounting Systems-Versatile economical ground mounting solutions. Specially designed for concrete foundation &amp; Ground Screw foundation.\" \/>\n<meta name=\"robots\" content=\"index, follow, max-snippet:-1, max-image-preview:large, max-video-preview:-1\" \/>\n<link rel=\"canonical\" href=\"https:\/\/pv-mounts.com\/pt\/home-es\/produtos-es\/montagem-no-solo-es\/\" \/>\n<meta property=\"og:locale\" content=\"pt_BR\" \/>\n<meta property=\"og:type\" content=\"article\" \/>\n<meta property=\"og:title\" content=\"Ground Mounting - ES - Solar PV Mounting Structure Manufacturer\" \/>\n<meta property=\"og:description\" content=\"Ground Mounting Systems-Versatile economical ground mounting solutions. Specially designed for concrete foundation &amp; Ground Screw foundation.\" \/>\n<meta property=\"og:url\" content=\"https:\/\/pv-mounts.com\/pt\/home-es\/produtos-es\/montagem-no-solo-es\/\" \/>\n<meta property=\"og:site_name\" content=\"PV MOUNTS\" \/>\n<meta property=\"article:modified_time\" content=\"2023-08-29T09:56:49+00:00\" \/>\n<meta property=\"og:image\" content=\"https:\/\/pv-mounts.com\/wp-content\/uploads\/2023\/06\/Ground-Mounting-System-Screw-Pile-Foundation-1-768x576.jpg\" \/>\n<meta name=\"twitter:card\" content=\"summary_large_image\" \/>\n<meta name=\"twitter:label1\" content=\"Est. tempo de leitura\" \/>\n\t<meta name=\"twitter:data1\" content=\"2 minutos\" \/>\n<script type=\"application\/ld+json\" class=\"yoast-schema-graph\">{\"@context\":\"https:\\\/\\\/schema.org\",\"@graph\":[{\"@type\":\"WebPage\",\"@id\":\"https:\\\/\\\/pv-mounts.com\\\/home-es\\\/products-es\\\/ground-mounting-es\\\/\",\"url\":\"https:\\\/\\\/pv-mounts.com\\\/home-es\\\/products-es\\\/ground-mounting-es\\\/\",\"name\":\"Ground Mounting - ES - Solar PV Mounting Structure Manufacturer\",\"isPartOf\":{\"@id\":\"https:\\\/\\\/pv-mounts.com\\\/#website\"},\"primaryImageOfPage\":{\"@id\":\"https:\\\/\\\/pv-mounts.com\\\/home-es\\\/products-es\\\/ground-mounting-es\\\/#primaryimage\"},\"image\":{\"@id\":\"https:\\\/\\\/pv-mounts.com\\\/home-es\\\/products-es\\\/ground-mounting-es\\\/#primaryimage\"},\"thumbnailUrl\":\"https:\\\/\\\/pv-mounts.com\\\/wp-content\\\/uploads\\\/2023\\\/06\\\/Ground-Mounting-System-Screw-Pile-Foundation-1-768x576.jpg\",\"datePublished\":\"2023-08-29T08:08:16+00:00\",\"dateModified\":\"2023-08-29T09:56:49+00:00\",\"description\":\"Ground Mounting Systems-Versatile economical ground mounting solutions. Specially designed for concrete foundation & Ground Screw foundation.\",\"breadcrumb\":{\"@id\":\"https:\\\/\\\/pv-mounts.com\\\/home-es\\\/products-es\\\/ground-mounting-es\\\/#breadcrumb\"},\"inLanguage\":\"pt-BR\",\"potentialAction\":[{\"@type\":\"ReadAction\",\"target\":[\"https:\\\/\\\/pv-mounts.com\\\/home-es\\\/products-es\\\/ground-mounting-es\\\/\"]}]},{\"@type\":\"ImageObject\",\"inLanguage\":\"pt-BR\",\"@id\":\"https:\\\/\\\/pv-mounts.com\\\/home-es\\\/products-es\\\/ground-mounting-es\\\/#primaryimage\",\"url\":\"https:\\\/\\\/pv-mounts.com\\\/wp-content\\\/uploads\\\/2023\\\/06\\\/Ground-Mounting-System-Screw-Pile-Foundation-1-768x576.jpg\",\"contentUrl\":\"https:\\\/\\\/pv-mounts.com\\\/wp-content\\\/uploads\\\/2023\\\/06\\\/Ground-Mounting-System-Screw-Pile-Foundation-1-768x576.jpg\"},{\"@type\":\"BreadcrumbList\",\"@id\":\"https:\\\/\\\/pv-mounts.com\\\/home-es\\\/products-es\\\/ground-mounting-es\\\/#breadcrumb\",\"itemListElement\":[{\"@type\":\"ListItem\",\"position\":1,\"name\":\"Home\",\"item\":\"https:\\\/\\\/pv-mounts.com\\\/\"},{\"@type\":\"ListItem\",\"position\":2,\"name\":\"Home &#8211; ES\",\"item\":\"https:\\\/\\\/pv-mounts.com\\\/home-es\\\/\"},{\"@type\":\"ListItem\",\"position\":3,\"name\":\"Products &#8211; ES\",\"item\":\"https:\\\/\\\/pv-mounts.com\\\/home-es\\\/products-es\\\/\"},{\"@type\":\"ListItem\",\"position\":4,\"name\":\"Ground Mounting &#8211; ES\"}]},{\"@type\":\"WebSite\",\"@id\":\"https:\\\/\\\/pv-mounts.com\\\/#website\",\"url\":\"https:\\\/\\\/pv-mounts.com\\\/\",\"name\":\"PV MOUNTS\",\"description\":\"Reliable Solar PV Mounting System Racking Structure Manufacturer\",\"publisher\":{\"@id\":\"https:\\\/\\\/pv-mounts.com\\\/#organization\"},\"potentialAction\":[{\"@type\":\"SearchAction\",\"target\":{\"@type\":\"EntryPoint\",\"urlTemplate\":\"https:\\\/\\\/pv-mounts.com\\\/?s={search_term_string}\"},\"query-input\":{\"@type\":\"PropertyValueSpecification\",\"valueRequired\":true,\"valueName\":\"search_term_string\"}}],\"inLanguage\":\"pt-BR\"},{\"@type\":\"Organization\",\"@id\":\"https:\\\/\\\/pv-mounts.com\\\/#organization\",\"name\":\"PV MOUNTS\",\"url\":\"https:\\\/\\\/pv-mounts.com\\\/\",\"logo\":{\"@type\":\"ImageObject\",\"inLanguage\":\"pt-BR\",\"@id\":\"https:\\\/\\\/pv-mounts.com\\\/#\\\/schema\\\/logo\\\/image\\\/\",\"url\":\"https:\\\/\\\/pv-mounts.com\\\/wp-content\\\/uploads\\\/2023\\\/05\\\/PV-Mount-Logo.png\",\"contentUrl\":\"https:\\\/\\\/pv-mounts.com\\\/wp-content\\\/uploads\\\/2023\\\/05\\\/PV-Mount-Logo.png\",\"width\":1377,\"height\":275,\"caption\":\"PV MOUNTS\"},\"image\":{\"@id\":\"https:\\\/\\\/pv-mounts.com\\\/#\\\/schema\\\/logo\\\/image\\\/\"}}]}<\/script>\n<!-- \/ Yoast SEO plugin. -->","yoast_head_json":{"title":"Montagem no solo - ES - Fabricante de estruturas de montagem solar fotovoltaica","description":"Sistemas de montagem no solo - Solu\u00e7\u00f5es econ\u00f4micas e vers\u00e1teis de montagem no solo. Especialmente projetado para funda\u00e7\u00e3o de concreto e funda\u00e7\u00e3o de parafuso de aterramento.","robots":{"index":"index","follow":"follow","max-snippet":"max-snippet:-1","max-image-preview":"max-image-preview:large","max-video-preview":"max-video-preview:-1"},"canonical":"https:\/\/pv-mounts.com\/pt\/home-es\/produtos-es\/montagem-no-solo-es\/","og_locale":"pt_BR","og_type":"article","og_title":"Ground Mounting - ES - Solar PV Mounting Structure Manufacturer","og_description":"Ground Mounting Systems-Versatile economical ground mounting solutions. Specially designed for concrete foundation & Ground Screw foundation.","og_url":"https:\/\/pv-mounts.com\/pt\/home-es\/produtos-es\/montagem-no-solo-es\/","og_site_name":"PV MOUNTS","article_modified_time":"2023-08-29T09:56:49+00:00","og_image":[{"url":"https:\/\/pv-mounts.com\/wp-content\/uploads\/2023\/06\/Ground-Mounting-System-Screw-Pile-Foundation-1-768x576.jpg","type":"","width":"","height":""}],"twitter_card":"summary_large_image","twitter_misc":{"Est. tempo de leitura":"2 minutos"},"schema":{"@context":"https:\/\/schema.org","@graph":[{"@type":"WebPage","@id":"https:\/\/pv-mounts.com\/home-es\/products-es\/ground-mounting-es\/","url":"https:\/\/pv-mounts.com\/home-es\/products-es\/ground-mounting-es\/","name":"Montagem no solo - ES - Fabricante de estruturas de montagem solar fotovoltaica","isPartOf":{"@id":"https:\/\/pv-mounts.com\/#website"},"primaryImageOfPage":{"@id":"https:\/\/pv-mounts.com\/home-es\/products-es\/ground-mounting-es\/#primaryimage"},"image":{"@id":"https:\/\/pv-mounts.com\/home-es\/products-es\/ground-mounting-es\/#primaryimage"},"thumbnailUrl":"https:\/\/pv-mounts.com\/wp-content\/uploads\/2023\/06\/Ground-Mounting-System-Screw-Pile-Foundation-1-768x576.jpg","datePublished":"2023-08-29T08:08:16+00:00","dateModified":"2023-08-29T09:56:49+00:00","description":"Sistemas de montagem no solo - Solu\u00e7\u00f5es econ\u00f4micas e vers\u00e1teis de montagem no solo. Especialmente projetado para funda\u00e7\u00e3o de concreto e funda\u00e7\u00e3o de parafuso de aterramento.","breadcrumb":{"@id":"https:\/\/pv-mounts.com\/home-es\/products-es\/ground-mounting-es\/#breadcrumb"},"inLanguage":"pt-BR","potentialAction":[{"@type":"ReadAction","target":["https:\/\/pv-mounts.com\/home-es\/products-es\/ground-mounting-es\/"]}]},{"@type":"ImageObject","inLanguage":"pt-BR","@id":"https:\/\/pv-mounts.com\/home-es\/products-es\/ground-mounting-es\/#primaryimage","url":"https:\/\/pv-mounts.com\/wp-content\/uploads\/2023\/06\/Ground-Mounting-System-Screw-Pile-Foundation-1-768x576.jpg","contentUrl":"https:\/\/pv-mounts.com\/wp-content\/uploads\/2023\/06\/Ground-Mounting-System-Screw-Pile-Foundation-1-768x576.jpg"},{"@type":"BreadcrumbList","@id":"https:\/\/pv-mounts.com\/home-es\/products-es\/ground-mounting-es\/#breadcrumb","itemListElement":[{"@type":"ListItem","position":1,"name":"Home","item":"https:\/\/pv-mounts.com\/"},{"@type":"ListItem","position":2,"name":"Home &#8211; ES","item":"https:\/\/pv-mounts.com\/home-es\/"},{"@type":"ListItem","position":3,"name":"Products &#8211; ES","item":"https:\/\/pv-mounts.com\/home-es\/products-es\/"},{"@type":"ListItem","position":4,"name":"Ground Mounting &#8211; ES"}]},{"@type":"WebSite","@id":"https:\/\/pv-mounts.com\/#website","url":"https:\/\/pv-mounts.com\/","name":"MONTAGENS FV","description":"Fabricante confi\u00e1vel de estrutura de rack para sistema de montagem de energia solar fotovoltaica","publisher":{"@id":"https:\/\/pv-mounts.com\/#organization"},"potentialAction":[{"@type":"SearchAction","target":{"@type":"EntryPoint","urlTemplate":"https:\/\/pv-mounts.com\/?s={search_term_string}"},"query-input":{"@type":"PropertyValueSpecification","valueRequired":true,"valueName":"search_term_string"}}],"inLanguage":"pt-BR"},{"@type":"Organization","@id":"https:\/\/pv-mounts.com\/#organization","name":"MONTAGENS FV","url":"https:\/\/pv-mounts.com\/","logo":{"@type":"ImageObject","inLanguage":"pt-BR","@id":"https:\/\/pv-mounts.com\/#\/schema\/logo\/image\/","url":"https:\/\/pv-mounts.com\/wp-content\/uploads\/2023\/05\/PV-Mount-Logo.png","contentUrl":"https:\/\/pv-mounts.com\/wp-content\/uploads\/2023\/05\/PV-Mount-Logo.png","width":1377,"height":275,"caption":"PV MOUNTS"},"image":{"@id":"https:\/\/pv-mounts.com\/#\/schema\/logo\/image\/"}}]}},"_links":{"self":[{"href":"https:\/\/pv-mounts.com\/pt\/wp-json\/wp\/v2\/pages\/4005","targetHints":{"allow":["GET"]}}],"collection":[{"href":"https:\/\/pv-mounts.com\/pt\/wp-json\/wp\/v2\/pages"}],"about":[{"href":"https:\/\/pv-mounts.com\/pt\/wp-json\/wp\/v2\/types\/page"}],"author":[{"embeddable":true,"href":"https:\/\/pv-mounts.com\/pt\/wp-json\/wp\/v2\/users\/3"}],"replies":[{"embeddable":true,"href":"https:\/\/pv-mounts.com\/pt\/wp-json\/wp\/v2\/comments?post=4005"}],"version-history":[{"count":10,"href":"https:\/\/pv-mounts.com\/pt\/wp-json\/wp\/v2\/pages\/4005\/revisions"}],"predecessor-version":[{"id":4103,"href":"https:\/\/pv-mounts.com\/pt\/wp-json\/wp\/v2\/pages\/4005\/revisions\/4103"}],"up":[{"embeddable":true,"href":"https:\/\/pv-mounts.com\/pt\/wp-json\/wp\/v2\/pages\/3139"}],"wp:attachment":[{"href":"https:\/\/pv-mounts.com\/pt\/wp-json\/wp\/v2\/media?parent=4005"}],"curies":[{"name":"wp","href":"https:\/\/api.w.org\/{rel}","templated":true}]}}