{"id":5895,"date":"2024-01-07T01:15:36","date_gmt":"2024-01-07T01:15:36","guid":{"rendered":"https:\/\/pv-mounts.com\/?page_id=5895"},"modified":"2025-06-11T04:56:03","modified_gmt":"2025-06-11T03:56:03","slug":"pagina-de-agradecimento","status":"publish","type":"page","link":"https:\/\/pv-mounts.com\/pt\/thank-you-page\/","title":{"rendered":"P\u00e1gina de agradecimento"},"content":{"rendered":"<div data-elementor-type=\"wp-page\" data-elementor-id=\"5895\" class=\"elementor elementor-5895\" data-elementor-post-type=\"page\">\n\t\t\t\t\t\t<section class=\"elementor-section elementor-top-section elementor-element elementor-element-769f6e46 elementor-section-height-full elementor-section-boxed elementor-section-height-default elementor-section-items-middle\" data-id=\"769f6e46\" data-element_type=\"section\" data-e-type=\"section\" data-settings=\"{&quot;background_background&quot;:&quot;classic&quot;}\">\n\t\t\t\t\t\t\t<div class=\"elementor-background-overlay\"><\/div>\n\t\t\t\t\t\t\t<div class=\"elementor-container elementor-column-gap-default\">\n\t\t\t\t\t<div class=\"elementor-column elementor-col-100 elementor-top-column elementor-element elementor-element-6f23a3fd\" data-id=\"6f23a3fd\" data-element_type=\"column\" data-e-type=\"column\">\n\t\t\t<div class=\"elementor-widget-wrap elementor-element-populated\">\n\t\t\t\t\t\t<div class=\"elementor-element elementor-element-68559eaf elementor-widget elementor-widget-heading\" data-id=\"68559eaf\" data-element_type=\"widget\" data-e-type=\"widget\" data-widget_type=\"heading.default\">\n\t\t\t\t\t<h1 class=\"elementor-heading-title elementor-size-default\">OBRIGADO POR SUA CONSULTA<\/h1>\t\t\t\t<\/div>\n\t\t\t\t<div class=\"elementor-element elementor-element-b5a27e8 elementor-widget elementor-widget-text-editor\" data-id=\"b5a27e8\" data-element_type=\"widget\" data-e-type=\"widget\" data-widget_type=\"text-editor.default\">\n\t\t\t\t\t\t\t\t\t<p>Responderemos a voc\u00ea com nosso especialista em produtos<\/p>\t\t\t\t\t\t\t\t<\/div>\n\t\t\t\t\t<\/div>\n\t\t<\/div>\n\t\t\t\t\t<\/div>\n\t\t<\/section>\n\t\t\t\t<\/div>","protected":false},"excerpt":{"rendered":"<p>OBRIGADO POR SUA INQUIETA\u00c7\u00c3O Responderemos a voc\u00ea com nosso especialista em produtos<\/p>","protected":false},"author":1,"featured_media":0,"parent":0,"menu_order":0,"comment_status":"closed","ping_status":"closed","template":"","meta":{"footnotes":""},"class_list":["post-5895","page","type-page","status-publish","hentry"],"yoast_head":"<!-- This site is optimized with the Yoast SEO plugin v27.3 - https:\/\/yoast.com\/product\/yoast-seo-wordpress\/ -->\n<title>Thank you page - PV MOUNTS<\/title>\n<meta name=\"robots\" content=\"index, nofollow, max-snippet:-1, max-image-preview:large, max-video-preview:-1\" \/>\n<link rel=\"canonical\" href=\"https:\/\/pv-mounts.com\/pt\/pagina-de-agradecimento\/\" \/>\n<meta property=\"og:locale\" content=\"pt_BR\" \/>\n<meta property=\"og:type\" content=\"article\" \/>\n<meta property=\"og:title\" content=\"Thank you page - PV MOUNTS\" \/>\n<meta property=\"og:description\" content=\"THANK YOU FOR YOUR INQUIRY We will reply to your with our product specialist\" \/>\n<meta property=\"og:url\" content=\"https:\/\/pv-mounts.com\/pt\/pagina-de-agradecimento\/\" \/>\n<meta property=\"og:site_name\" content=\"PV MOUNTS\" \/>\n<meta property=\"article:modified_time\" content=\"2025-06-11T03:56:03+00:00\" \/>\n<meta name=\"twitter:card\" content=\"summary_large_image\" \/>\n<meta name=\"twitter:label1\" content=\"Est. tempo de leitura\" \/>\n\t<meta name=\"twitter:data1\" content=\"1 minuto\" \/>\n<script type=\"application\/ld+json\" class=\"yoast-schema-graph\">{\"@context\":\"https:\\\/\\\/schema.org\",\"@graph\":[{\"@type\":\"WebPage\",\"@id\":\"https:\\\/\\\/pv-mounts.com\\\/thank-you-page\\\/\",\"url\":\"https:\\\/\\\/pv-mounts.com\\\/thank-you-page\\\/\",\"name\":\"Thank you page - PV MOUNTS\",\"isPartOf\":{\"@id\":\"https:\\\/\\\/pv-mounts.com\\\/#website\"},\"datePublished\":\"2024-01-07T01:15:36+00:00\",\"dateModified\":\"2025-06-11T03:56:03+00:00\",\"breadcrumb\":{\"@id\":\"https:\\\/\\\/pv-mounts.com\\\/thank-you-page\\\/#breadcrumb\"},\"inLanguage\":\"pt-BR\",\"potentialAction\":[{\"@type\":\"ReadAction\",\"target\":[\"https:\\\/\\\/pv-mounts.com\\\/thank-you-page\\\/\"]}]},{\"@type\":\"BreadcrumbList\",\"@id\":\"https:\\\/\\\/pv-mounts.com\\\/thank-you-page\\\/#breadcrumb\",\"itemListElement\":[{\"@type\":\"ListItem\",\"position\":1,\"name\":\"Home\",\"item\":\"https:\\\/\\\/pv-mounts.com\\\/\"},{\"@type\":\"ListItem\",\"position\":2,\"name\":\"Thank you page\"}]},{\"@type\":\"WebSite\",\"@id\":\"https:\\\/\\\/pv-mounts.com\\\/#website\",\"url\":\"https:\\\/\\\/pv-mounts.com\\\/\",\"name\":\"PV MOUNTS\",\"description\":\"Reliable Solar PV Mounting System Racking Structure Manufacturer\",\"publisher\":{\"@id\":\"https:\\\/\\\/pv-mounts.com\\\/#organization\"},\"potentialAction\":[{\"@type\":\"SearchAction\",\"target\":{\"@type\":\"EntryPoint\",\"urlTemplate\":\"https:\\\/\\\/pv-mounts.com\\\/?s={search_term_string}\"},\"query-input\":{\"@type\":\"PropertyValueSpecification\",\"valueRequired\":true,\"valueName\":\"search_term_string\"}}],\"inLanguage\":\"pt-BR\"},{\"@type\":\"Organization\",\"@id\":\"https:\\\/\\\/pv-mounts.com\\\/#organization\",\"name\":\"PV MOUNTS\",\"url\":\"https:\\\/\\\/pv-mounts.com\\\/\",\"logo\":{\"@type\":\"ImageObject\",\"inLanguage\":\"pt-BR\",\"@id\":\"https:\\\/\\\/pv-mounts.com\\\/#\\\/schema\\\/logo\\\/image\\\/\",\"url\":\"https:\\\/\\\/pv-mounts.com\\\/wp-content\\\/uploads\\\/2023\\\/05\\\/PV-Mount-Logo.png\",\"contentUrl\":\"https:\\\/\\\/pv-mounts.com\\\/wp-content\\\/uploads\\\/2023\\\/05\\\/PV-Mount-Logo.png\",\"width\":1377,\"height\":275,\"caption\":\"PV MOUNTS\"},\"image\":{\"@id\":\"https:\\\/\\\/pv-mounts.com\\\/#\\\/schema\\\/logo\\\/image\\\/\"}}]}<\/script>\n<!-- \/ Yoast SEO plugin. -->","yoast_head_json":{"title":"P\u00e1gina de agradecimento - PV MOUNTS","robots":{"index":"index","follow":"nofollow","max-snippet":"max-snippet:-1","max-image-preview":"max-image-preview:large","max-video-preview":"max-video-preview:-1"},"canonical":"https:\/\/pv-mounts.com\/pt\/pagina-de-agradecimento\/","og_locale":"pt_BR","og_type":"article","og_title":"Thank you page - PV MOUNTS","og_description":"THANK YOU FOR YOUR INQUIRY We will reply to your with our product specialist","og_url":"https:\/\/pv-mounts.com\/pt\/pagina-de-agradecimento\/","og_site_name":"PV MOUNTS","article_modified_time":"2025-06-11T03:56:03+00:00","twitter_card":"summary_large_image","twitter_misc":{"Est. tempo de leitura":"1 minuto"},"schema":{"@context":"https:\/\/schema.org","@graph":[{"@type":"WebPage","@id":"https:\/\/pv-mounts.com\/thank-you-page\/","url":"https:\/\/pv-mounts.com\/thank-you-page\/","name":"P\u00e1gina de agradecimento - PV MOUNTS","isPartOf":{"@id":"https:\/\/pv-mounts.com\/#website"},"datePublished":"2024-01-07T01:15:36+00:00","dateModified":"2025-06-11T03:56:03+00:00","breadcrumb":{"@id":"https:\/\/pv-mounts.com\/thank-you-page\/#breadcrumb"},"inLanguage":"pt-BR","potentialAction":[{"@type":"ReadAction","target":["https:\/\/pv-mounts.com\/thank-you-page\/"]}]},{"@type":"BreadcrumbList","@id":"https:\/\/pv-mounts.com\/thank-you-page\/#breadcrumb","itemListElement":[{"@type":"ListItem","position":1,"name":"Home","item":"https:\/\/pv-mounts.com\/"},{"@type":"ListItem","position":2,"name":"Thank you page"}]},{"@type":"WebSite","@id":"https:\/\/pv-mounts.com\/#website","url":"https:\/\/pv-mounts.com\/","name":"MONTAGENS FV","description":"Fabricante confi\u00e1vel de estrutura de rack para sistema de montagem de energia solar fotovoltaica","publisher":{"@id":"https:\/\/pv-mounts.com\/#organization"},"potentialAction":[{"@type":"SearchAction","target":{"@type":"EntryPoint","urlTemplate":"https:\/\/pv-mounts.com\/?s={search_term_string}"},"query-input":{"@type":"PropertyValueSpecification","valueRequired":true,"valueName":"search_term_string"}}],"inLanguage":"pt-BR"},{"@type":"Organization","@id":"https:\/\/pv-mounts.com\/#organization","name":"MONTAGENS FV","url":"https:\/\/pv-mounts.com\/","logo":{"@type":"ImageObject","inLanguage":"pt-BR","@id":"https:\/\/pv-mounts.com\/#\/schema\/logo\/image\/","url":"https:\/\/pv-mounts.com\/wp-content\/uploads\/2023\/05\/PV-Mount-Logo.png","contentUrl":"https:\/\/pv-mounts.com\/wp-content\/uploads\/2023\/05\/PV-Mount-Logo.png","width":1377,"height":275,"caption":"PV MOUNTS"},"image":{"@id":"https:\/\/pv-mounts.com\/#\/schema\/logo\/image\/"}}]}},"_links":{"self":[{"href":"https:\/\/pv-mounts.com\/pt\/wp-json\/wp\/v2\/pages\/5895","targetHints":{"allow":["GET"]}}],"collection":[{"href":"https:\/\/pv-mounts.com\/pt\/wp-json\/wp\/v2\/pages"}],"about":[{"href":"https:\/\/pv-mounts.com\/pt\/wp-json\/wp\/v2\/types\/page"}],"author":[{"embeddable":true,"href":"https:\/\/pv-mounts.com\/pt\/wp-json\/wp\/v2\/users\/1"}],"replies":[{"embeddable":true,"href":"https:\/\/pv-mounts.com\/pt\/wp-json\/wp\/v2\/comments?post=5895"}],"version-history":[{"count":7,"href":"https:\/\/pv-mounts.com\/pt\/wp-json\/wp\/v2\/pages\/5895\/revisions"}],"predecessor-version":[{"id":14082,"href":"https:\/\/pv-mounts.com\/pt\/wp-json\/wp\/v2\/pages\/5895\/revisions\/14082"}],"wp:attachment":[{"href":"https:\/\/pv-mounts.com\/pt\/wp-json\/wp\/v2\/media?parent=5895"}],"curies":[{"name":"wp","href":"https:\/\/api.w.org\/{rel}","templated":true}]}}